{"id":3908,"date":"2026-04-28T19:26:02","date_gmt":"2026-04-29T00:26:02","guid":{"rendered":"https:\/\/compras.fortificacionescartagena.com.co\/?post_type=product&#038;p=3908"},"modified":"2026-04-29T13:13:52","modified_gmt":"2026-04-29T18:13:52","slug":"cartagena-antemura-de-la-escarpa-al-olvido","status":"publish","type":"product","link":"https:\/\/compras.fortificacionescartagena.com.co\/es\/producto\/cartagena-antemura-de-la-escarpa-al-olvido\/","title":{"rendered":"Cartagena antemural. De la escarpa al olvido"},"content":{"rendered":"","protected":false},"excerpt":{"rendered":"<p>Cat\u00e1logo de la exposici\u00f3n Cartagena antemural, de la escarpa al olvido presentada por la Escuela Taller Cartagena Indias (Etcar) como proyecto de divulgaci\u00f3n para la recuperaci\u00f3n de la memoria hist\u00f3rica de los barrios Pek\u00edn, Pueblo Nuevo y Boquetillo, que surgieron espont\u00e1neamente a principios del siglo XX adosados a las murallas de Cartagena.<br \/>\nLa exposici\u00f3n recogi\u00f3 los personajes, pr\u00e1cticas, manifestaciones y cotidianidad de los habitantes de esos asentamientos a trav\u00e9s de ilustraciones en estilo naif, caracterizada por un lenguaje gr\u00e1fico colorido, con l\u00edneas sencillas y apariencia infantil atractivo para todo tipo de p\u00fablico.<br \/>\nEl cat\u00e1logo incluye las ilustraciones que hicieron parte de la exposici\u00f3n en un producto editorial de colecci\u00f3n, visualmente llamativo, que incluye postales y fichas para colorear.<br \/>\nEste proyecto hace parte de las estrategias de divulgaci\u00f3n de los bienes administrados por la Etcar.<br \/>\nMas informaci\u00f3n: comunicaciones@etcar.edu.co<\/p>\n","protected":false},"featured_media":3911,"template":"","meta":[],"product_cat":[82],"product_tag":[],"_links":{"self":[{"href":"https:\/\/compras.fortificacionescartagena.com.co\/es\/wp-json\/wp\/v2\/product\/3908"}],"collection":[{"href":"https:\/\/compras.fortificacionescartagena.com.co\/es\/wp-json\/wp\/v2\/product"}],"about":[{"href":"https:\/\/compras.fortificacionescartagena.com.co\/es\/wp-json\/wp\/v2\/types\/product"}],"wp:featuredmedia":[{"embeddable":true,"href":"https:\/\/compras.fortificacionescartagena.com.co\/es\/wp-json\/wp\/v2\/media\/3911"}],"wp:attachment":[{"href":"https:\/\/compras.fortificacionescartagena.com.co\/es\/wp-json\/wp\/v2\/media?parent=3908"}],"wp:term":[{"taxonomy":"product_cat","embeddable":true,"href":"https:\/\/compras.fortificacionescartagena.com.co\/es\/wp-json\/wp\/v2\/product_cat?post=3908"},{"taxonomy":"product_tag","embeddable":true,"href":"https:\/\/compras.fortificacionescartagena.com.co\/es\/wp-json\/wp\/v2\/product_tag?post=3908"}],"curies":[{"name":"wp","href":"https:\/\/api.w.org\/{rel}","templated":true}]}}