{"id":1279,"date":"2021-08-18T11:12:22","date_gmt":"2021-08-18T16:12:22","guid":{"rendered":"https:\/\/compras.fortificacionescartagena.com.co\/?post_type=product&#038;p=1279"},"modified":"2025-12-26T14:45:17","modified_gmt":"2025-12-26T19:45:17","slug":"enrique-marco-dorta","status":"publish","type":"product","link":"https:\/\/compras.fortificacionescartagena.com.co\/es\/producto\/enrique-marco-dorta\/","title":{"rendered":"Enrique Marco Dorta"},"content":{"rendered":"","protected":false},"excerpt":{"rendered":"<p style=\"font-weight: 400;\">Cartagena de Indias; la ciudad y sus monumentos.<\/p>\n<p style=\"font-weight: 400;\">Autor: Enrique Marco Dorta<\/p>\n<p>La Escuela Taller Cartagena de Indias (Etcar) y el Ministerio de Cultura de<br \/>\nColombia presentan la cuarta reedici\u00f3n del libro\u00a0Cartagena de Indias. La ciudad<br \/>\ny sus monumentos, del investigador y catedr\u00e1tico de arte hispanoamericano,<br \/>\nEnrique Marco Dorta (1911- 1980).<br \/>\nPublicado por primera vez en Sevilla, en 1951,\u00a0Cartagena de Indias. La ciudad y<br \/>\nsus monumentos\u00a0es considerado el an\u00e1lisis m\u00e1s completo del desarrollo urbano<br \/>\nde la ciudad colonial. El autor, a trav\u00e9s de una exhaustiva investigaci\u00f3n en los<br \/>\narchivos europeos, compendi\u00f3 planos, mapas, grabados y fotograf\u00edas que ilustran<br \/>\nla transformaci\u00f3n del territorio desde 1570 hasta mediados del siglo XX.<br \/>\nCada libro de esta reedici\u00f3n de mil ejemplares es un art\u00edculo de colecci\u00f3n que se<br \/>\nencuentra numerado. Su elaboraci\u00f3n, con una factura artesanal, fue realizada por<br \/>\nel Instituto Caro y Cuervo en la Imprenta Patri\u00f3tica guardando las caracter\u00edsticas<br \/>\neditoriales de la primera edici\u00f3n -los textos fueron impresos en linotipo,<br \/>\ncontribuyendo con la preservaci\u00f3n de este oficio tradicional- y, aprovechando los<br \/>\navances tecnol\u00f3gicos de la impresi\u00f3n digital, la mayor\u00eda de los mapas y planos<br \/>\nantiguos se incluyen a todo color.<br \/>\nEste proyecto hace parte de las estrategias de divulgaci\u00f3n de nuestro patrimonio<br \/>\nfortificado.<\/p>\n","protected":false},"featured_media":1280,"template":"","meta":[],"product_cat":[82],"product_tag":[],"_links":{"self":[{"href":"https:\/\/compras.fortificacionescartagena.com.co\/es\/wp-json\/wp\/v2\/product\/1279"}],"collection":[{"href":"https:\/\/compras.fortificacionescartagena.com.co\/es\/wp-json\/wp\/v2\/product"}],"about":[{"href":"https:\/\/compras.fortificacionescartagena.com.co\/es\/wp-json\/wp\/v2\/types\/product"}],"wp:featuredmedia":[{"embeddable":true,"href":"https:\/\/compras.fortificacionescartagena.com.co\/es\/wp-json\/wp\/v2\/media\/1280"}],"wp:attachment":[{"href":"https:\/\/compras.fortificacionescartagena.com.co\/es\/wp-json\/wp\/v2\/media?parent=1279"}],"wp:term":[{"taxonomy":"product_cat","embeddable":true,"href":"https:\/\/compras.fortificacionescartagena.com.co\/es\/wp-json\/wp\/v2\/product_cat?post=1279"},{"taxonomy":"product_tag","embeddable":true,"href":"https:\/\/compras.fortificacionescartagena.com.co\/es\/wp-json\/wp\/v2\/product_tag?post=1279"}],"curies":[{"name":"wp","href":"https:\/\/api.w.org\/{rel}","templated":true}]}}