{"id":531,"date":"2017-12-06T16:07:16","date_gmt":"2017-12-06T21:07:16","guid":{"rendered":"http:\/\/compras.fortificacionescartagena.com\/?page_id=531"},"modified":"2022-04-04T21:32:46","modified_gmt":"2022-04-05T02:32:46","slug":"preguntas-frecuentes","status":"publish","type":"page","link":"https:\/\/compras.fortificacionescartagena.com.co\/es\/preguntas-frecuentes\/","title":{"rendered":"Preguntas Frecuentes"},"content":{"rendered":"<p><b>\u00bfQu\u00e9 es PlacetoPay? <\/b><\/p>\n<p><b>Place<\/b><b>to<\/b><b>Pay<\/b><span style=\"font-weight: 400;\"> es la plataforma de pagos electr\u00f3nicos que usa FORTIFICACIONESCARTAGENA.COM\u00a0<\/span><span style=\"font-weight: 400;\">para procesar en l\u00ednea las transacciones generadas en la tienda virtual con las formas de pago habilitadas para tal fin. \u00a0<\/span><\/p>\n<p><img loading=\"lazy\" class=\"alignnone size-full wp-image-530\" src=\"http:\/\/compras.fortificacionescartagena.com\/wp-content\/uploads\/2017\/12\/placetopay.jpg\" alt=\"\" width=\"236\" height=\"71\" \/><\/p>\n<p><b>\u00bfC\u00f3mo puedo pagar?<\/b><\/p>\n<p><span style=\"font-weight: 400;\">En la tienda virtual de FORTIFICACIONESCARTAGENA.COM\u00a0<\/span><span style=\"font-weight: 400;\">usted podr\u00e1 realizar su pago con los medios habilitados para tal fin. Usted, de acuerdo a las opciones de pago escogidas por el comercio, podr\u00e1 pagar a trav\u00e9s <\/span><b>de PSE (d\u00e9bitos desde cuentas de ahorros y corrientes en Colombia), tarjetas de cr\u00e9dito Visa, MasterCard, American Express, Credencial y Diners.<\/b><\/p>\n<p>&nbsp;<\/p>\n<p><b>\u00bfEs seguro ingresar mis datos bancarios en este sitio web? <\/b><\/p>\n<p><span style=\"font-weight: 400;\">Para proteger tus datos el portal FORTIFICACIONESCARTAGENA.COM\u00a0<\/span><span style=\"font-weight: 400;\">delega en <\/span><b>Place<\/b><b>to<\/b><b>Pay <\/b><span style=\"font-weight: 400;\">la captura de la informaci\u00f3n sensible. Nuestra plataforma de pagos cumple con los m\u00e1s altos est\u00e1ndares exigidos por la norma internacional PCI DSS de seguridad en transacciones con tarjeta de cr\u00e9dito. Adem\u00e1s tiene certificado de seguridad SSL expedido por GeoTrust una compa\u00f1\u00eda Verisign, el cual garantiza comunicaciones seguras mediante la encriptaci\u00f3n de todos los datos hacia y desde el sitio; de esta manera te podr\u00e1s sentir seguro a la hora de ingresar la informaci\u00f3n de su tarjeta. <\/span><\/p>\n<p><span style=\"font-weight: 400;\">Durante el proceso de pago, en el navegador se muestra el nombre de la organizaci\u00f3n autenticada, la autoridad que lo certifica y la barra de direcci\u00f3n cambia a color verde. Estas caracter\u00edsticas son visibles de inmediato y dan garant\u00eda y confianza para completar la transacci\u00f3n en <\/span><b>Place<\/b><b>to<\/b><b>Pay<\/b><span style=\"font-weight: 400;\">.<\/span><\/p>\n<p><b>Place<\/b><b>to<\/b><b>Pay <\/b><span style=\"font-weight: 400;\">tambi\u00e9n cuenta con el monitoreo constante de McAfee Secure y la firma de mensajes electr\u00f3nicos con Certic\u00e1mara.<\/span><\/p>\n<p>&nbsp;<\/p>\n<p><b>\u00bfPuedo realizar el pago cualquier d\u00eda y a cualquier hora? <\/b><\/p>\n<p><span style=\"font-weight: 400;\">S\u00ed, en FORTIFICACIONESCARTAGENA.COM\u00a0<\/span><span style=\"font-weight: 400;\">podr\u00e1s realizar tus compras en l\u00ednea los 7 d\u00edas de la semana, las 24 horas del d\u00eda a s\u00f3lo un clic de distancia. <\/span><\/p>\n<p>&nbsp;<\/p>\n<p><b>\u00bfPuedo cambiar la forma de pago?<\/b><\/p>\n<p><span style=\"font-weight: 400;\">Si a\u00fan no has finalizado tu pago, podr\u00e1s volver al paso inicial y elegir la forma de pago que prefieras. Una vez finalizada la compra no es posible cambiar la forma de pago. <\/span><\/p>\n<p>&nbsp;<\/p>\n<p><b>\u00bfCuales son las pol\u00edticas de devoluci\u00f3n?<\/b><\/p>\n<p>Para dar cumplimiento al art\u00edculo 51 de la Ley del Estatuto del Consumidor. La ENTIDAD podr\u00e1 realizar la devoluci\u00f3n\u00a0siempre y cuando el comprador no haya hecho uso del servicio, para lo cual deber\u00e1 realizar su solicitud de devoluci\u00f3n por escrito al correo\u00a0comunicaciones@etcar.org adjuntando copia de comprobante de pago realizado, documento de identificaci\u00f3n del comprador y certificaci\u00f3n bancaria expedida en un t\u00e9rmino no mayor a 30 d\u00edas. Una vez recibido la informaci\u00f3n la entidad dentro de un plazo de 15 d\u00edas realizar\u00e1 un proceso de valoraci\u00f3n de la informaci\u00f3n para determinar si aplica la realizaci\u00f3n de devoluci\u00f3n. En caso que ser autorizada le ser\u00e1n transferidos al comprador el dinero pagado menos los gastos en tr\u00e1mites administrativos y gastos bancarios.<\/p>\n<p>&nbsp;<\/p>\n<p><b>\u00bfPagar electr\u00f3nicamente tiene alg\u00fan valor para m\u00ed como comprador? <\/b><\/p>\n<p><span style=\"font-weight: 400;\">No, los pagos electr\u00f3nicos realizados a trav\u00e9s de <\/span><b>Place<\/b><b>to<\/b><b>Pay <\/b><span style=\"font-weight: 400;\">no generan costos adicionales para el comprador. <\/span><\/p>\n<p>&nbsp;<\/p>\n<p><b>\u00bfQu\u00e9 debo hacer si mi transacci\u00f3n no concluy\u00f3?<\/b><\/p>\n<p><span style=\"font-weight: 400;\">En primera instancia, revisar si lleg\u00f3 un email de confirmaci\u00f3n de la transacci\u00f3n a la cuenta de correo electr\u00f3nico inscrita en el momento de realizar el pago, en caso de no haberlo recibido, deber\u00e1s contactarnos al correo comunicaciones@etcar.org<\/span><span style=\"font-weight: 400;\">\u00a0para confirmar el estado de la transacci\u00f3n. <\/span><\/p>\n<p>&nbsp;<\/p>\n<p><b>\u00bfQu\u00e9 debo hacer si no recib\u00ed el comprobante de pago?<\/b><\/p>\n<p><span style=\"font-weight: 400;\">Por cada transacci\u00f3n aprobada a trav\u00e9s de <\/span><b>Place<\/b><b>to<\/b><b>Pay<\/b><span style=\"font-weight: 400;\">, recibir\u00e1s un comprobante del pago con la referencia de compra en la direcci\u00f3n de correo electr\u00f3nico que indicaste al momento de pagar. <\/span><\/p>\n<p><span style=\"font-weight: 400;\">Si no lo recibes, podr\u00e1s contactarnos al correo comunicaciones@etcar.org\u00a0<\/span><span style=\"font-weight: 400;\">o a la l\u00ednea (5) 664 3700<\/span><span style=\"font-weight: 400;\">o,<\/span><span style=\"font-weight: 400;\">\u00a0para solicitar el reenv\u00edo del comprobante a la misma direcci\u00f3n de correo electr\u00f3nico registrada al momento de pagar.<\/span><\/p>\n<p>&nbsp;<\/p>\n<p>&nbsp;<\/p>\n<p>&nbsp;<\/p>\n","protected":false},"excerpt":{"rendered":"<p>\u00bfQu\u00e9 es PlacetoPay? PlacetoPay es la plataforma de pagos electr\u00f3nicos que usa FORTIFICACIONESCARTAGENA.COM\u00a0para procesar en l\u00ednea las transacciones generadas en la tienda virtual con las formas de pago habilitadas para tal fin. \u00a0 \u00bfC\u00f3mo puedo pagar? En la tienda virtual de FORTIFICACIONESCARTAGENA.COM\u00a0usted podr\u00e1 realizar su pago con los medios habilitados para tal fin. Usted, de [&hellip;]<\/p>\n","protected":false},"author":1,"featured_media":0,"parent":0,"menu_order":0,"comment_status":"closed","ping_status":"closed","template":"","meta":[],"_links":{"self":[{"href":"https:\/\/compras.fortificacionescartagena.com.co\/es\/wp-json\/wp\/v2\/pages\/531"}],"collection":[{"href":"https:\/\/compras.fortificacionescartagena.com.co\/es\/wp-json\/wp\/v2\/pages"}],"about":[{"href":"https:\/\/compras.fortificacionescartagena.com.co\/es\/wp-json\/wp\/v2\/types\/page"}],"author":[{"embeddable":true,"href":"https:\/\/compras.fortificacionescartagena.com.co\/es\/wp-json\/wp\/v2\/users\/1"}],"replies":[{"embeddable":true,"href":"https:\/\/compras.fortificacionescartagena.com.co\/es\/wp-json\/wp\/v2\/comments?post=531"}],"version-history":[{"count":13,"href":"https:\/\/compras.fortificacionescartagena.com.co\/es\/wp-json\/wp\/v2\/pages\/531\/revisions"}],"predecessor-version":[{"id":2369,"href":"https:\/\/compras.fortificacionescartagena.com.co\/es\/wp-json\/wp\/v2\/pages\/531\/revisions\/2369"}],"wp:attachment":[{"href":"https:\/\/compras.fortificacionescartagena.com.co\/es\/wp-json\/wp\/v2\/media?parent=531"}],"curies":[{"name":"wp","href":"https:\/\/api.w.org\/{rel}","templated":true}]}}